{"id":8538,"date":"2024-02-01T13:56:42","date_gmt":"2024-02-01T12:56:42","guid":{"rendered":"https:\/\/www.spolo.com\/?post_type=product&#038;p=8538"},"modified":"2025-08-07T11:28:58","modified_gmt":"2025-08-07T09:28:58","slug":"crabe-de-plage","status":"publish","type":"product","link":"https:\/\/www.spolo.com\/en\/product\/crabe-de-plage\/","title":{"rendered":"BEACH CRAB"},"content":{"rendered":"<p class=\"\" data-start=\"292\" data-end=\"536\">The Beach Crab with Accessories is a fun and colorful toy designed to spark children\u2019s imagination. Perfect for outdoor play, it allows little ones to enjoy sand play\u2014at the beach or in a sandbox.<\/p>\n<p class=\"\" data-start=\"538\" data-end=\"563\">This complete set includes:<\/p>\n<ul data-start=\"564\" data-end=\"712\">\n<li class=\"\" data-start=\"564\" data-end=\"601\">\n<p class=\"\" data-start=\"566\" data-end=\"601\">1 fun crab-shaped sieve<\/p>\n<\/li>\n<li class=\"\" data-start=\"602\" data-end=\"645\">\n<p class=\"\" data-start=\"604\" data-end=\"645\">1 small shovel and rake set<\/p>\n<\/li>\n<li class=\"\" data-start=\"646\" data-end=\"680\">\n<p class=\"\" data-start=\"648\" data-end=\"680\">3 small sand molds<\/p>\n<\/li>\n<li class=\"\" data-start=\"681\" data-end=\"712\">\n<p class=\"\" data-start=\"683\" data-end=\"712\">1 large sand mold<\/p>\n<\/li>\n<\/ul>\n<p class=\"\" data-start=\"714\" data-end=\"941\">All components are made from high-quality plastic, ensuring durability and long-lasting use. The plastic used is non-toxic and safe for children, meeting the highest safety standards.<\/p>\n<p class=\"\" data-start=\"943\" data-end=\"1220\">Ideal for children aged 2 and up, this toy supports the development of fine motor skills, creativity, and social interaction. Lightweight and easy to carry, it can be taken anywhere: to the beach, garden, or on holiday.<\/p>\n<p class=\"\" data-start=\"1222\" data-end=\"1448\">The Beach Crab with Accessories is proudly made by SPOLO, a leading toy manufacturer based in Tunisia. SPOLO is committed to creating sturdy, educational toys that support children\u2019s growth and learning at every stage.<\/p>\n<p class=\"\" data-start=\"1450\" data-end=\"1677\">With its original shape and engaging design, this toy grabs attention and makes playtime even more enjoyable. Kids can create shapes, sift sand, dig, and fill\u2014while improving their coordination and curiosity.<\/p>\n<p>&nbsp;<\/p>","protected":false},"excerpt":{"rendered":"<p>Beach crab<\/p>\n<p>Age : 1 year and more<\/p>\n<p>Dimensions : 28 cm<\/p>\n<p>Packing: 20 Crabs<\/p>\n<p>Material: High quality. nutritional plastic, durable and non-toxic.<\/p>\n<p>&nbsp;<\/p>\n<p>&nbsp;<\/p>","protected":false},"featured_media":8550,"template":"","meta":[],"product_brand":[],"product_cat":[57],"product_tag":[],"class_list":{"0":"post-8538","1":"product","2":"type-product","3":"status-publish","4":"has-post-thumbnail","6":"product_cat-articles-de-plages","8":"first","9":"instock","10":"shipping-taxable","11":"product-type-simple"},"yoast_head":"<!-- This site is optimized with the Yoast SEO Premium plugin v24.9 (Yoast SEO v26.6) - https:\/\/yoast.com\/wordpress\/plugins\/seo\/ -->\n<title>Crabe de Plage avec Accessoires \u2013 SPOLO Fabricant de Jouet<\/title>\n<meta name=\"description\" content=\"D\u00e9couvrez le crabe de plage avec accessoires color\u00e9s sign\u00e9 SPOLO, fabricant de jouets en Tunisie. Un jouet id\u00e9al pour le sable, r\u00e9sistant et ludique, adapt\u00e9 d\u00e8s 2 ans.\" \/>\n<meta name=\"robots\" content=\"index, follow, max-snippet:-1, max-image-preview:large, max-video-preview:-1\" \/>\n<link rel=\"canonical\" href=\"https:\/\/www.spolo.com\/en\/product\/crabe-de-plage\/\" \/>\n<meta property=\"og:locale\" content=\"en_GB\" \/>\n<meta property=\"og:type\" content=\"article\" \/>\n<meta property=\"og:title\" content=\"CRABE DE PLAGE\" \/>\n<meta property=\"og:description\" content=\"D\u00e9couvrez le crabe de plage avec accessoires color\u00e9s sign\u00e9 SPOLO, fabricant de jouets en Tunisie. Un jouet id\u00e9al pour le sable, r\u00e9sistant et ludique, adapt\u00e9 d\u00e8s 2 ans.\" \/>\n<meta property=\"og:url\" content=\"https:\/\/www.spolo.com\/en\/product\/crabe-de-plage\/\" \/>\n<meta property=\"og:site_name\" content=\"SPOLO\" \/>\n<meta property=\"article:publisher\" content=\"https:\/\/www.facebook.com\/ste.spolo.sahline\/\" \/>\n<meta property=\"article:modified_time\" content=\"2025-08-07T09:28:58+00:00\" \/>\n<meta property=\"og:image\" content=\"https:\/\/www.spolo.com\/wp-content\/uploads\/2024\/02\/Oct237-8224-02-Copie.jpg\" \/>\n\t<meta property=\"og:image:width\" content=\"1024\" \/>\n\t<meta property=\"og:image:height\" content=\"1024\" \/>\n\t<meta property=\"og:image:type\" content=\"image\/jpeg\" \/>\n<meta name=\"twitter:card\" content=\"summary_large_image\" \/>\n<meta name=\"twitter:label1\" content=\"Estimated reading time\" \/>\n\t<meta name=\"twitter:data1\" content=\"2 minutes\" \/>\n<script type=\"application\/ld+json\" class=\"yoast-schema-graph\">{\"@context\":\"https:\/\/schema.org\",\"@graph\":[{\"@type\":\"WebPage\",\"@id\":\"https:\/\/www.spolo.com\/produit\/crabe-de-plage\/\",\"url\":\"https:\/\/www.spolo.com\/produit\/crabe-de-plage\/\",\"name\":\"Crabe de Plage avec Accessoires \u2013 SPOLO Fabricant de Jouet\",\"isPartOf\":{\"@id\":\"https:\/\/www.spolo.com\/#website\"},\"primaryImageOfPage\":{\"@id\":\"https:\/\/www.spolo.com\/produit\/crabe-de-plage\/#primaryimage\"},\"image\":{\"@id\":\"https:\/\/www.spolo.com\/produit\/crabe-de-plage\/#primaryimage\"},\"thumbnailUrl\":\"https:\/\/www.spolo.com\/wp-content\/uploads\/2024\/02\/Oct237-8224-02-Copie.jpg\",\"datePublished\":\"2024-02-01T12:56:42+00:00\",\"dateModified\":\"2025-08-07T09:28:58+00:00\",\"description\":\"D\u00e9couvrez le crabe de plage avec accessoires color\u00e9s sign\u00e9 SPOLO, fabricant de jouets en Tunisie. Un jouet id\u00e9al pour le sable, r\u00e9sistant et ludique, adapt\u00e9 d\u00e8s 2 ans.\",\"breadcrumb\":{\"@id\":\"https:\/\/www.spolo.com\/produit\/crabe-de-plage\/#breadcrumb\"},\"inLanguage\":\"en-GB\",\"potentialAction\":[{\"@type\":\"ReadAction\",\"target\":[\"https:\/\/www.spolo.com\/produit\/crabe-de-plage\/\"]}]},{\"@type\":\"ImageObject\",\"inLanguage\":\"en-GB\",\"@id\":\"https:\/\/www.spolo.com\/produit\/crabe-de-plage\/#primaryimage\",\"url\":\"https:\/\/www.spolo.com\/wp-content\/uploads\/2024\/02\/Oct237-8224-02-Copie.jpg\",\"contentUrl\":\"https:\/\/www.spolo.com\/wp-content\/uploads\/2024\/02\/Oct237-8224-02-Copie.jpg\",\"width\":1024,\"height\":1024},{\"@type\":\"BreadcrumbList\",\"@id\":\"https:\/\/www.spolo.com\/produit\/crabe-de-plage\/#breadcrumb\",\"itemListElement\":[{\"@type\":\"ListItem\",\"position\":1,\"name\":\"Home\",\"item\":\"https:\/\/www.spolo.com\/\"},{\"@type\":\"ListItem\",\"position\":2,\"name\":\"Nos produits\",\"item\":\"https:\/\/www.spolo.com\/boutique\/\"},{\"@type\":\"ListItem\",\"position\":3,\"name\":\"CRABE DE PLAGE\"}]},{\"@type\":\"WebSite\",\"@id\":\"https:\/\/www.spolo.com\/#website\",\"url\":\"https:\/\/www.spolo.com\/\",\"name\":\"SPOLO\",\"description\":\"Votre monde de sport jouets et loisirs en Tunisie\",\"publisher\":{\"@id\":\"https:\/\/www.spolo.com\/#organization\"},\"potentialAction\":[{\"@type\":\"SearchAction\",\"target\":{\"@type\":\"EntryPoint\",\"urlTemplate\":\"https:\/\/www.spolo.com\/?s={search_term_string}\"},\"query-input\":{\"@type\":\"PropertyValueSpecification\",\"valueRequired\":true,\"valueName\":\"search_term_string\"}}],\"inLanguage\":\"en-GB\"},{\"@type\":\"Organization\",\"@id\":\"https:\/\/www.spolo.com\/#organization\",\"name\":\"SPOLO\",\"url\":\"https:\/\/www.spolo.com\/\",\"logo\":{\"@type\":\"ImageObject\",\"inLanguage\":\"en-GB\",\"@id\":\"https:\/\/www.spolo.com\/#\/schema\/logo\/image\/\",\"url\":\"https:\/\/www.spolo.com\/wp-content\/uploads\/2024\/01\/logo.png\",\"contentUrl\":\"https:\/\/www.spolo.com\/wp-content\/uploads\/2024\/01\/logo.png\",\"width\":230,\"height\":165,\"caption\":\"SPOLO\"},\"image\":{\"@id\":\"https:\/\/www.spolo.com\/#\/schema\/logo\/image\/\"},\"sameAs\":[\"https:\/\/www.facebook.com\/ste.spolo.sahline\/\"]}]}<\/script>\n<!-- \/ Yoast SEO Premium plugin. -->","yoast_head_json":{"title":"Crabe de Plage avec Accessoires \u2013 SPOLO Fabricant de Jouet","description":"D\u00e9couvrez le crabe de plage avec accessoires color\u00e9s sign\u00e9 SPOLO, fabricant de jouets en Tunisie. Un jouet id\u00e9al pour le sable, r\u00e9sistant et ludique, adapt\u00e9 d\u00e8s 2 ans.","robots":{"index":"index","follow":"follow","max-snippet":"max-snippet:-1","max-image-preview":"max-image-preview:large","max-video-preview":"max-video-preview:-1"},"canonical":"https:\/\/www.spolo.com\/en\/product\/crabe-de-plage\/","og_locale":"en_GB","og_type":"article","og_title":"CRABE DE PLAGE","og_description":"D\u00e9couvrez le crabe de plage avec accessoires color\u00e9s sign\u00e9 SPOLO, fabricant de jouets en Tunisie. Un jouet id\u00e9al pour le sable, r\u00e9sistant et ludique, adapt\u00e9 d\u00e8s 2 ans.","og_url":"https:\/\/www.spolo.com\/en\/product\/crabe-de-plage\/","og_site_name":"SPOLO","article_publisher":"https:\/\/www.facebook.com\/ste.spolo.sahline\/","article_modified_time":"2025-08-07T09:28:58+00:00","og_image":[{"width":1024,"height":1024,"url":"https:\/\/www.spolo.com\/wp-content\/uploads\/2024\/02\/Oct237-8224-02-Copie.jpg","type":"image\/jpeg"}],"twitter_card":"summary_large_image","twitter_misc":{"Estimated reading time":"2 minutes"},"schema":{"@context":"https:\/\/schema.org","@graph":[{"@type":"WebPage","@id":"https:\/\/www.spolo.com\/produit\/crabe-de-plage\/","url":"https:\/\/www.spolo.com\/produit\/crabe-de-plage\/","name":"Crabe de Plage avec Accessoires \u2013 SPOLO Fabricant de Jouet","isPartOf":{"@id":"https:\/\/www.spolo.com\/#website"},"primaryImageOfPage":{"@id":"https:\/\/www.spolo.com\/produit\/crabe-de-plage\/#primaryimage"},"image":{"@id":"https:\/\/www.spolo.com\/produit\/crabe-de-plage\/#primaryimage"},"thumbnailUrl":"https:\/\/www.spolo.com\/wp-content\/uploads\/2024\/02\/Oct237-8224-02-Copie.jpg","datePublished":"2024-02-01T12:56:42+00:00","dateModified":"2025-08-07T09:28:58+00:00","description":"D\u00e9couvrez le crabe de plage avec accessoires color\u00e9s sign\u00e9 SPOLO, fabricant de jouets en Tunisie. Un jouet id\u00e9al pour le sable, r\u00e9sistant et ludique, adapt\u00e9 d\u00e8s 2 ans.","breadcrumb":{"@id":"https:\/\/www.spolo.com\/produit\/crabe-de-plage\/#breadcrumb"},"inLanguage":"en-GB","potentialAction":[{"@type":"ReadAction","target":["https:\/\/www.spolo.com\/produit\/crabe-de-plage\/"]}]},{"@type":"ImageObject","inLanguage":"en-GB","@id":"https:\/\/www.spolo.com\/produit\/crabe-de-plage\/#primaryimage","url":"https:\/\/www.spolo.com\/wp-content\/uploads\/2024\/02\/Oct237-8224-02-Copie.jpg","contentUrl":"https:\/\/www.spolo.com\/wp-content\/uploads\/2024\/02\/Oct237-8224-02-Copie.jpg","width":1024,"height":1024},{"@type":"BreadcrumbList","@id":"https:\/\/www.spolo.com\/produit\/crabe-de-plage\/#breadcrumb","itemListElement":[{"@type":"ListItem","position":1,"name":"Home","item":"https:\/\/www.spolo.com\/"},{"@type":"ListItem","position":2,"name":"Nos produits","item":"https:\/\/www.spolo.com\/boutique\/"},{"@type":"ListItem","position":3,"name":"CRABE DE PLAGE"}]},{"@type":"WebSite","@id":"https:\/\/www.spolo.com\/#website","url":"https:\/\/www.spolo.com\/","name":"SPOLO","description":"Votre monde de sport jouets et loisirs en Tunisie","publisher":{"@id":"https:\/\/www.spolo.com\/#organization"},"potentialAction":[{"@type":"SearchAction","target":{"@type":"EntryPoint","urlTemplate":"https:\/\/www.spolo.com\/?s={search_term_string}"},"query-input":{"@type":"PropertyValueSpecification","valueRequired":true,"valueName":"search_term_string"}}],"inLanguage":"en-GB"},{"@type":"Organization","@id":"https:\/\/www.spolo.com\/#organization","name":"SPOLO","url":"https:\/\/www.spolo.com\/","logo":{"@type":"ImageObject","inLanguage":"en-GB","@id":"https:\/\/www.spolo.com\/#\/schema\/logo\/image\/","url":"https:\/\/www.spolo.com\/wp-content\/uploads\/2024\/01\/logo.png","contentUrl":"https:\/\/www.spolo.com\/wp-content\/uploads\/2024\/01\/logo.png","width":230,"height":165,"caption":"SPOLO"},"image":{"@id":"https:\/\/www.spolo.com\/#\/schema\/logo\/image\/"},"sameAs":["https:\/\/www.facebook.com\/ste.spolo.sahline\/"]}]}},"_links":{"self":[{"href":"https:\/\/www.spolo.com\/en\/wp-json\/wp\/v2\/product\/8538","targetHints":{"allow":["GET"]}}],"collection":[{"href":"https:\/\/www.spolo.com\/en\/wp-json\/wp\/v2\/product"}],"about":[{"href":"https:\/\/www.spolo.com\/en\/wp-json\/wp\/v2\/types\/product"}],"version-history":[{"count":15,"href":"https:\/\/www.spolo.com\/en\/wp-json\/wp\/v2\/product\/8538\/revisions"}],"predecessor-version":[{"id":9536,"href":"https:\/\/www.spolo.com\/en\/wp-json\/wp\/v2\/product\/8538\/revisions\/9536"}],"wp:featuredmedia":[{"embeddable":true,"href":"https:\/\/www.spolo.com\/en\/wp-json\/wp\/v2\/media\/8550"}],"wp:attachment":[{"href":"https:\/\/www.spolo.com\/en\/wp-json\/wp\/v2\/media?parent=8538"}],"wp:term":[{"taxonomy":"product_brand","embeddable":true,"href":"https:\/\/www.spolo.com\/en\/wp-json\/wp\/v2\/product_brand?post=8538"},{"taxonomy":"product_cat","embeddable":true,"href":"https:\/\/www.spolo.com\/en\/wp-json\/wp\/v2\/product_cat?post=8538"},{"taxonomy":"product_tag","embeddable":true,"href":"https:\/\/www.spolo.com\/en\/wp-json\/wp\/v2\/product_tag?post=8538"}],"curies":[{"name":"wp","href":"https:\/\/api.w.org\/{rel}","templated":true}]}}