{"id":8622,"date":"2024-02-03T13:31:11","date_gmt":"2024-02-03T12:31:11","guid":{"rendered":"https:\/\/www.spolo.com\/?post_type=product&#038;p=8622"},"modified":"2025-04-21T11:14:12","modified_gmt":"2025-04-21T09:14:12","slug":"seaux-de-plage-gm","status":"publish","type":"product","link":"https:\/\/www.spolo.com\/en\/product\/seaux-de-plage-gm\/","title":{"rendered":"BEACH  BIG BUCKET"},"content":{"rendered":"<p>Big model beach bucket with a variety of colorful accessories. It makes playing with sand more interesting and stimulates the child's greater imagination.<\/p>\n<p>Composition: 1 big bucket, 1 big sieve, a pair of big shovel and rake, 3 small sand molds and a big sand mold.<\/p>\n<p>It is made of high quality plastic which is very durable; and easy to carry and clean.<\/p>\n<p>It is intended for children aged 2 and over<\/p>","protected":false},"excerpt":{"rendered":"<p>Beach  Big Bucket<\/p>\n<p>Dimension L*H : 22*20 cm<\/p>\n<p>Packing: 15 buckets.<\/p>\n<p>Age : 2 years and more.<\/p>\n<p>Material: food grade plastic<\/p>\n<p>&nbsp;<\/p>\n<p>&nbsp;<\/p>\n<p>&nbsp;<\/p>","protected":false},"featured_media":8547,"template":"","meta":[],"product_brand":[],"product_cat":[57],"product_tag":[],"class_list":{"0":"post-8622","1":"product","2":"type-product","3":"status-publish","4":"has-post-thumbnail","6":"product_cat-articles-de-plages","8":"first","9":"instock","10":"shipping-taxable","11":"product-type-simple"},"yoast_head":"<!-- This site is optimized with the Yoast SEO Premium plugin v24.9 (Yoast SEO v26.6) - https:\/\/yoast.com\/wordpress\/plugins\/seo\/ -->\n<title>SEAU DE PLAGE GM - SPOLO<\/title>\n<meta name=\"description\" content=\"Seau de plage GM avec accessoires color\u00e9s pour enfants. Stimule l\u2019imagination, fabriqu\u00e9 en plastique durable et facile \u00e0 nettoyer. Id\u00e9al d\u00e8s 2 ans.\" \/>\n<meta name=\"robots\" content=\"index, follow, max-snippet:-1, max-image-preview:large, max-video-preview:-1\" \/>\n<link rel=\"canonical\" href=\"https:\/\/www.spolo.com\/en\/product\/seaux-de-plage-gm\/\" \/>\n<meta property=\"og:locale\" content=\"en_GB\" \/>\n<meta property=\"og:type\" content=\"article\" \/>\n<meta property=\"og:title\" content=\"SEAU DE PLAGE GM\" \/>\n<meta property=\"og:description\" content=\"Seau de plage GM avec accessoires color\u00e9s pour enfants. Stimule l\u2019imagination, fabriqu\u00e9 en plastique durable et facile \u00e0 nettoyer. Id\u00e9al d\u00e8s 2 ans.\" \/>\n<meta property=\"og:url\" content=\"https:\/\/www.spolo.com\/en\/product\/seaux-de-plage-gm\/\" \/>\n<meta property=\"og:site_name\" content=\"SPOLO\" \/>\n<meta property=\"article:publisher\" content=\"https:\/\/www.facebook.com\/ste.spolo.sahline\/\" \/>\n<meta property=\"article:modified_time\" content=\"2025-04-21T09:14:12+00:00\" \/>\n<meta property=\"og:image\" content=\"https:\/\/www.spolo.com\/wp-content\/uploads\/2024\/02\/Oct237-8217-01-Copie.jpg\" \/>\n\t<meta property=\"og:image:width\" content=\"1024\" \/>\n\t<meta property=\"og:image:height\" content=\"1024\" \/>\n\t<meta property=\"og:image:type\" content=\"image\/jpeg\" \/>\n<meta name=\"twitter:card\" content=\"summary_large_image\" \/>\n<meta name=\"twitter:label1\" content=\"Estimated reading time\" \/>\n\t<meta name=\"twitter:data1\" content=\"1 minute\" \/>\n<script type=\"application\/ld+json\" class=\"yoast-schema-graph\">{\"@context\":\"https:\/\/schema.org\",\"@graph\":[{\"@type\":\"WebPage\",\"@id\":\"https:\/\/www.spolo.com\/produit\/seaux-de-plage-gm\/\",\"url\":\"https:\/\/www.spolo.com\/produit\/seaux-de-plage-gm\/\",\"name\":\"SEAU DE PLAGE GM - SPOLO\",\"isPartOf\":{\"@id\":\"https:\/\/www.spolo.com\/#website\"},\"primaryImageOfPage\":{\"@id\":\"https:\/\/www.spolo.com\/produit\/seaux-de-plage-gm\/#primaryimage\"},\"image\":{\"@id\":\"https:\/\/www.spolo.com\/produit\/seaux-de-plage-gm\/#primaryimage\"},\"thumbnailUrl\":\"https:\/\/www.spolo.com\/wp-content\/uploads\/2024\/02\/Oct237-8217-01-Copie.jpg\",\"datePublished\":\"2024-02-03T12:31:11+00:00\",\"dateModified\":\"2025-04-21T09:14:12+00:00\",\"description\":\"Seau de plage GM avec accessoires color\u00e9s pour enfants. Stimule l\u2019imagination, fabriqu\u00e9 en plastique durable et facile \u00e0 nettoyer. Id\u00e9al d\u00e8s 2 ans.\",\"breadcrumb\":{\"@id\":\"https:\/\/www.spolo.com\/produit\/seaux-de-plage-gm\/#breadcrumb\"},\"inLanguage\":\"en-GB\",\"potentialAction\":[{\"@type\":\"ReadAction\",\"target\":[\"https:\/\/www.spolo.com\/produit\/seaux-de-plage-gm\/\"]}]},{\"@type\":\"ImageObject\",\"inLanguage\":\"en-GB\",\"@id\":\"https:\/\/www.spolo.com\/produit\/seaux-de-plage-gm\/#primaryimage\",\"url\":\"https:\/\/www.spolo.com\/wp-content\/uploads\/2024\/02\/Oct237-8217-01-Copie.jpg\",\"contentUrl\":\"https:\/\/www.spolo.com\/wp-content\/uploads\/2024\/02\/Oct237-8217-01-Copie.jpg\",\"width\":1024,\"height\":1024},{\"@type\":\"BreadcrumbList\",\"@id\":\"https:\/\/www.spolo.com\/produit\/seaux-de-plage-gm\/#breadcrumb\",\"itemListElement\":[{\"@type\":\"ListItem\",\"position\":1,\"name\":\"Home\",\"item\":\"https:\/\/www.spolo.com\/\"},{\"@type\":\"ListItem\",\"position\":2,\"name\":\"Nos produits\",\"item\":\"https:\/\/www.spolo.com\/boutique\/\"},{\"@type\":\"ListItem\",\"position\":3,\"name\":\"SEAU DE PLAGE GM\"}]},{\"@type\":\"WebSite\",\"@id\":\"https:\/\/www.spolo.com\/#website\",\"url\":\"https:\/\/www.spolo.com\/\",\"name\":\"SPOLO\",\"description\":\"Votre monde de sport jouets et loisirs en Tunisie\",\"publisher\":{\"@id\":\"https:\/\/www.spolo.com\/#organization\"},\"potentialAction\":[{\"@type\":\"SearchAction\",\"target\":{\"@type\":\"EntryPoint\",\"urlTemplate\":\"https:\/\/www.spolo.com\/?s={search_term_string}\"},\"query-input\":{\"@type\":\"PropertyValueSpecification\",\"valueRequired\":true,\"valueName\":\"search_term_string\"}}],\"inLanguage\":\"en-GB\"},{\"@type\":\"Organization\",\"@id\":\"https:\/\/www.spolo.com\/#organization\",\"name\":\"SPOLO\",\"url\":\"https:\/\/www.spolo.com\/\",\"logo\":{\"@type\":\"ImageObject\",\"inLanguage\":\"en-GB\",\"@id\":\"https:\/\/www.spolo.com\/#\/schema\/logo\/image\/\",\"url\":\"https:\/\/www.spolo.com\/wp-content\/uploads\/2024\/01\/logo.png\",\"contentUrl\":\"https:\/\/www.spolo.com\/wp-content\/uploads\/2024\/01\/logo.png\",\"width\":230,\"height\":165,\"caption\":\"SPOLO\"},\"image\":{\"@id\":\"https:\/\/www.spolo.com\/#\/schema\/logo\/image\/\"},\"sameAs\":[\"https:\/\/www.facebook.com\/ste.spolo.sahline\/\"]}]}<\/script>\n<!-- \/ Yoast SEO Premium plugin. -->","yoast_head_json":{"title":"SEAU DE PLAGE GM - SPOLO","description":"Seau de plage GM avec accessoires color\u00e9s pour enfants. Stimule l\u2019imagination, fabriqu\u00e9 en plastique durable et facile \u00e0 nettoyer. Id\u00e9al d\u00e8s 2 ans.","robots":{"index":"index","follow":"follow","max-snippet":"max-snippet:-1","max-image-preview":"max-image-preview:large","max-video-preview":"max-video-preview:-1"},"canonical":"https:\/\/www.spolo.com\/en\/product\/seaux-de-plage-gm\/","og_locale":"en_GB","og_type":"article","og_title":"SEAU DE PLAGE GM","og_description":"Seau de plage GM avec accessoires color\u00e9s pour enfants. Stimule l\u2019imagination, fabriqu\u00e9 en plastique durable et facile \u00e0 nettoyer. Id\u00e9al d\u00e8s 2 ans.","og_url":"https:\/\/www.spolo.com\/en\/product\/seaux-de-plage-gm\/","og_site_name":"SPOLO","article_publisher":"https:\/\/www.facebook.com\/ste.spolo.sahline\/","article_modified_time":"2025-04-21T09:14:12+00:00","og_image":[{"width":1024,"height":1024,"url":"https:\/\/www.spolo.com\/wp-content\/uploads\/2024\/02\/Oct237-8217-01-Copie.jpg","type":"image\/jpeg"}],"twitter_card":"summary_large_image","twitter_misc":{"Estimated reading time":"1 minute"},"schema":{"@context":"https:\/\/schema.org","@graph":[{"@type":"WebPage","@id":"https:\/\/www.spolo.com\/produit\/seaux-de-plage-gm\/","url":"https:\/\/www.spolo.com\/produit\/seaux-de-plage-gm\/","name":"SEAU DE PLAGE GM - SPOLO","isPartOf":{"@id":"https:\/\/www.spolo.com\/#website"},"primaryImageOfPage":{"@id":"https:\/\/www.spolo.com\/produit\/seaux-de-plage-gm\/#primaryimage"},"image":{"@id":"https:\/\/www.spolo.com\/produit\/seaux-de-plage-gm\/#primaryimage"},"thumbnailUrl":"https:\/\/www.spolo.com\/wp-content\/uploads\/2024\/02\/Oct237-8217-01-Copie.jpg","datePublished":"2024-02-03T12:31:11+00:00","dateModified":"2025-04-21T09:14:12+00:00","description":"Seau de plage GM avec accessoires color\u00e9s pour enfants. Stimule l\u2019imagination, fabriqu\u00e9 en plastique durable et facile \u00e0 nettoyer. Id\u00e9al d\u00e8s 2 ans.","breadcrumb":{"@id":"https:\/\/www.spolo.com\/produit\/seaux-de-plage-gm\/#breadcrumb"},"inLanguage":"en-GB","potentialAction":[{"@type":"ReadAction","target":["https:\/\/www.spolo.com\/produit\/seaux-de-plage-gm\/"]}]},{"@type":"ImageObject","inLanguage":"en-GB","@id":"https:\/\/www.spolo.com\/produit\/seaux-de-plage-gm\/#primaryimage","url":"https:\/\/www.spolo.com\/wp-content\/uploads\/2024\/02\/Oct237-8217-01-Copie.jpg","contentUrl":"https:\/\/www.spolo.com\/wp-content\/uploads\/2024\/02\/Oct237-8217-01-Copie.jpg","width":1024,"height":1024},{"@type":"BreadcrumbList","@id":"https:\/\/www.spolo.com\/produit\/seaux-de-plage-gm\/#breadcrumb","itemListElement":[{"@type":"ListItem","position":1,"name":"Home","item":"https:\/\/www.spolo.com\/"},{"@type":"ListItem","position":2,"name":"Nos produits","item":"https:\/\/www.spolo.com\/boutique\/"},{"@type":"ListItem","position":3,"name":"SEAU DE PLAGE GM"}]},{"@type":"WebSite","@id":"https:\/\/www.spolo.com\/#website","url":"https:\/\/www.spolo.com\/","name":"SPOLO","description":"Votre monde de sport jouets et loisirs en Tunisie","publisher":{"@id":"https:\/\/www.spolo.com\/#organization"},"potentialAction":[{"@type":"SearchAction","target":{"@type":"EntryPoint","urlTemplate":"https:\/\/www.spolo.com\/?s={search_term_string}"},"query-input":{"@type":"PropertyValueSpecification","valueRequired":true,"valueName":"search_term_string"}}],"inLanguage":"en-GB"},{"@type":"Organization","@id":"https:\/\/www.spolo.com\/#organization","name":"SPOLO","url":"https:\/\/www.spolo.com\/","logo":{"@type":"ImageObject","inLanguage":"en-GB","@id":"https:\/\/www.spolo.com\/#\/schema\/logo\/image\/","url":"https:\/\/www.spolo.com\/wp-content\/uploads\/2024\/01\/logo.png","contentUrl":"https:\/\/www.spolo.com\/wp-content\/uploads\/2024\/01\/logo.png","width":230,"height":165,"caption":"SPOLO"},"image":{"@id":"https:\/\/www.spolo.com\/#\/schema\/logo\/image\/"},"sameAs":["https:\/\/www.facebook.com\/ste.spolo.sahline\/"]}]}},"_links":{"self":[{"href":"https:\/\/www.spolo.com\/en\/wp-json\/wp\/v2\/product\/8622","targetHints":{"allow":["GET"]}}],"collection":[{"href":"https:\/\/www.spolo.com\/en\/wp-json\/wp\/v2\/product"}],"about":[{"href":"https:\/\/www.spolo.com\/en\/wp-json\/wp\/v2\/types\/product"}],"version-history":[{"count":10,"href":"https:\/\/www.spolo.com\/en\/wp-json\/wp\/v2\/product\/8622\/revisions"}],"predecessor-version":[{"id":8628,"href":"https:\/\/www.spolo.com\/en\/wp-json\/wp\/v2\/product\/8622\/revisions\/8628"}],"wp:featuredmedia":[{"embeddable":true,"href":"https:\/\/www.spolo.com\/en\/wp-json\/wp\/v2\/media\/8547"}],"wp:attachment":[{"href":"https:\/\/www.spolo.com\/en\/wp-json\/wp\/v2\/media?parent=8622"}],"wp:term":[{"taxonomy":"product_brand","embeddable":true,"href":"https:\/\/www.spolo.com\/en\/wp-json\/wp\/v2\/product_brand?post=8622"},{"taxonomy":"product_cat","embeddable":true,"href":"https:\/\/www.spolo.com\/en\/wp-json\/wp\/v2\/product_cat?post=8622"},{"taxonomy":"product_tag","embeddable":true,"href":"https:\/\/www.spolo.com\/en\/wp-json\/wp\/v2\/product_tag?post=8622"}],"curies":[{"name":"wp","href":"https:\/\/api.w.org\/{rel}","templated":true}]}}