{"id":8486,"date":"2024-01-31T08:35:29","date_gmt":"2024-01-31T07:35:29","guid":{"rendered":"https:\/\/www.spolo.com\/?post_type=product&#038;p=8486"},"modified":"2025-04-23T11:56:41","modified_gmt":"2025-04-23T09:56:41","slug":"ballon-volley","status":"publish","type":"product","link":"https:\/\/www.spolo.com\/fr_fr\/produit\/ballon-volley\/","title":{"rendered":"BALLON FOOT"},"content":{"rendered":"<p>Le ballon de football est con\u00e7u en plastique durable et poss\u00e8de une surface gratt\u00e9e qui assure une bonne prise en main. Il est id\u00e9al pour jouer en plein air, que ce soit pour les enfants ou les adultes. Gr\u00e2ce \u00e0 sa conception sph\u00e9rique, ce ballon offre un excellent rebond et une durabilit\u00e9 optimale. Profitez de moments de sport et de loisirs en ext\u00e9rieur avec ce ballon adapt\u00e9 \u00e0 tous les \u00e2ges.<\/p>\n<p>&nbsp;<\/p>\n","protected":false},"excerpt":{"rendered":"<p>BALLON FOOT<\/p>\n<p>colisage : 20 ballons<\/p>\n<p>Age : Enfant \u00e0 partir de 6 ans et adulte<\/p>\n<p>Mati\u00e8re : Plastique Alimentaire.<\/p>\n","protected":false},"featured_media":9086,"template":"","meta":[],"product_brand":[],"product_cat":[30],"product_tag":[],"class_list":{"0":"post-8486","1":"product","2":"type-product","3":"status-publish","4":"has-post-thumbnail","6":"product_cat-ballon","8":"first","9":"instock","10":"shipping-taxable","11":"product-type-simple"},"yoast_head":"<!-- This site is optimized with the Yoast SEO Premium plugin v24.9 (Yoast SEO v26.6) - https:\/\/yoast.com\/wordpress\/plugins\/seo\/ -->\n<title>BALLON FOOT - SPOLO<\/title>\n<meta name=\"description\" content=\"D\u00e9couvrez notre ballon de football en plastique durable, id\u00e9al pour les jeux en plein air. Con\u00e7u pour enfants et adultes, il offre une excellente prise en main et une grande r\u00e9sistance. Parfait pour les moments de loisir et de sport\" \/>\n<meta name=\"robots\" content=\"index, follow, max-snippet:-1, max-image-preview:large, max-video-preview:-1\" \/>\n<link rel=\"canonical\" href=\"https:\/\/www.spolo.com\/fr_fr\/produit\/ballon-volley\/\" \/>\n<meta property=\"og:locale\" content=\"fr_FR\" \/>\n<meta property=\"og:type\" content=\"article\" \/>\n<meta property=\"og:title\" content=\"BALLON FOOT\" \/>\n<meta property=\"og:description\" content=\"D\u00e9couvrez notre ballon de football en plastique durable, id\u00e9al pour les jeux en plein air. Con\u00e7u pour enfants et adultes, il offre une excellente prise en main et une grande r\u00e9sistance. Parfait pour les moments de loisir et de sport\" \/>\n<meta property=\"og:url\" content=\"https:\/\/www.spolo.com\/fr_fr\/produit\/ballon-volley\/\" \/>\n<meta property=\"og:site_name\" content=\"SPOLO\" \/>\n<meta property=\"article:publisher\" content=\"https:\/\/www.facebook.com\/ste.spolo.sahline\/\" \/>\n<meta property=\"article:modified_time\" content=\"2025-04-23T09:56:41+00:00\" \/>\n<meta property=\"og:image\" content=\"https:\/\/www.spolo.com\/wp-content\/uploads\/2024\/02\/Ballon-Foot-01-2.png\" \/>\n\t<meta property=\"og:image:width\" content=\"1024\" \/>\n\t<meta property=\"og:image:height\" content=\"1024\" \/>\n\t<meta property=\"og:image:type\" content=\"image\/png\" \/>\n<meta name=\"twitter:card\" content=\"summary_large_image\" \/>\n<meta name=\"twitter:label1\" content=\"Dur\u00e9e de lecture estim\u00e9e\" \/>\n\t<meta name=\"twitter:data1\" content=\"1 minute\" \/>\n<script type=\"application\/ld+json\" class=\"yoast-schema-graph\">{\"@context\":\"https:\/\/schema.org\",\"@graph\":[{\"@type\":\"WebPage\",\"@id\":\"https:\/\/www.spolo.com\/produit\/ballon-volley\/\",\"url\":\"https:\/\/www.spolo.com\/produit\/ballon-volley\/\",\"name\":\"BALLON FOOT - SPOLO\",\"isPartOf\":{\"@id\":\"https:\/\/www.spolo.com\/#website\"},\"primaryImageOfPage\":{\"@id\":\"https:\/\/www.spolo.com\/produit\/ballon-volley\/#primaryimage\"},\"image\":{\"@id\":\"https:\/\/www.spolo.com\/produit\/ballon-volley\/#primaryimage\"},\"thumbnailUrl\":\"https:\/\/www.spolo.com\/wp-content\/uploads\/2024\/02\/Ballon-Foot-01-2.png\",\"datePublished\":\"2024-01-31T07:35:29+00:00\",\"dateModified\":\"2025-04-23T09:56:41+00:00\",\"description\":\"D\u00e9couvrez notre ballon de football en plastique durable, id\u00e9al pour les jeux en plein air. Con\u00e7u pour enfants et adultes, il offre une excellente prise en main et une grande r\u00e9sistance. Parfait pour les moments de loisir et de sport\",\"breadcrumb\":{\"@id\":\"https:\/\/www.spolo.com\/produit\/ballon-volley\/#breadcrumb\"},\"inLanguage\":\"fr-FR\",\"potentialAction\":[{\"@type\":\"ReadAction\",\"target\":[\"https:\/\/www.spolo.com\/produit\/ballon-volley\/\"]}]},{\"@type\":\"ImageObject\",\"inLanguage\":\"fr-FR\",\"@id\":\"https:\/\/www.spolo.com\/produit\/ballon-volley\/#primaryimage\",\"url\":\"https:\/\/www.spolo.com\/wp-content\/uploads\/2024\/02\/Ballon-Foot-01-2.png\",\"contentUrl\":\"https:\/\/www.spolo.com\/wp-content\/uploads\/2024\/02\/Ballon-Foot-01-2.png\",\"width\":1024,\"height\":1024},{\"@type\":\"BreadcrumbList\",\"@id\":\"https:\/\/www.spolo.com\/produit\/ballon-volley\/#breadcrumb\",\"itemListElement\":[{\"@type\":\"ListItem\",\"position\":1,\"name\":\"Home\",\"item\":\"https:\/\/www.spolo.com\/\"},{\"@type\":\"ListItem\",\"position\":2,\"name\":\"Nos produits\",\"item\":\"https:\/\/www.spolo.com\/boutique\/\"},{\"@type\":\"ListItem\",\"position\":3,\"name\":\"BALLON FOOT\"}]},{\"@type\":\"WebSite\",\"@id\":\"https:\/\/www.spolo.com\/#website\",\"url\":\"https:\/\/www.spolo.com\/\",\"name\":\"SPOLO\",\"description\":\"Votre monde de sport jouets et loisirs en Tunisie\",\"publisher\":{\"@id\":\"https:\/\/www.spolo.com\/#organization\"},\"potentialAction\":[{\"@type\":\"SearchAction\",\"target\":{\"@type\":\"EntryPoint\",\"urlTemplate\":\"https:\/\/www.spolo.com\/?s={search_term_string}\"},\"query-input\":{\"@type\":\"PropertyValueSpecification\",\"valueRequired\":true,\"valueName\":\"search_term_string\"}}],\"inLanguage\":\"fr-FR\"},{\"@type\":\"Organization\",\"@id\":\"https:\/\/www.spolo.com\/#organization\",\"name\":\"SPOLO\",\"url\":\"https:\/\/www.spolo.com\/\",\"logo\":{\"@type\":\"ImageObject\",\"inLanguage\":\"fr-FR\",\"@id\":\"https:\/\/www.spolo.com\/#\/schema\/logo\/image\/\",\"url\":\"https:\/\/www.spolo.com\/wp-content\/uploads\/2024\/01\/logo.png\",\"contentUrl\":\"https:\/\/www.spolo.com\/wp-content\/uploads\/2024\/01\/logo.png\",\"width\":230,\"height\":165,\"caption\":\"SPOLO\"},\"image\":{\"@id\":\"https:\/\/www.spolo.com\/#\/schema\/logo\/image\/\"},\"sameAs\":[\"https:\/\/www.facebook.com\/ste.spolo.sahline\/\"]}]}<\/script>\n<!-- \/ Yoast SEO Premium plugin. -->","yoast_head_json":{"title":"BALLON FOOT - SPOLO","description":"D\u00e9couvrez notre ballon de football en plastique durable, id\u00e9al pour les jeux en plein air. Con\u00e7u pour enfants et adultes, il offre une excellente prise en main et une grande r\u00e9sistance. Parfait pour les moments de loisir et de sport","robots":{"index":"index","follow":"follow","max-snippet":"max-snippet:-1","max-image-preview":"max-image-preview:large","max-video-preview":"max-video-preview:-1"},"canonical":"https:\/\/www.spolo.com\/fr_fr\/produit\/ballon-volley\/","og_locale":"fr_FR","og_type":"article","og_title":"BALLON FOOT","og_description":"D\u00e9couvrez notre ballon de football en plastique durable, id\u00e9al pour les jeux en plein air. Con\u00e7u pour enfants et adultes, il offre une excellente prise en main et une grande r\u00e9sistance. Parfait pour les moments de loisir et de sport","og_url":"https:\/\/www.spolo.com\/fr_fr\/produit\/ballon-volley\/","og_site_name":"SPOLO","article_publisher":"https:\/\/www.facebook.com\/ste.spolo.sahline\/","article_modified_time":"2025-04-23T09:56:41+00:00","og_image":[{"width":1024,"height":1024,"url":"https:\/\/www.spolo.com\/wp-content\/uploads\/2024\/02\/Ballon-Foot-01-2.png","type":"image\/png"}],"twitter_card":"summary_large_image","twitter_misc":{"Dur\u00e9e de lecture estim\u00e9e":"1 minute"},"schema":{"@context":"https:\/\/schema.org","@graph":[{"@type":"WebPage","@id":"https:\/\/www.spolo.com\/produit\/ballon-volley\/","url":"https:\/\/www.spolo.com\/produit\/ballon-volley\/","name":"BALLON FOOT - SPOLO","isPartOf":{"@id":"https:\/\/www.spolo.com\/#website"},"primaryImageOfPage":{"@id":"https:\/\/www.spolo.com\/produit\/ballon-volley\/#primaryimage"},"image":{"@id":"https:\/\/www.spolo.com\/produit\/ballon-volley\/#primaryimage"},"thumbnailUrl":"https:\/\/www.spolo.com\/wp-content\/uploads\/2024\/02\/Ballon-Foot-01-2.png","datePublished":"2024-01-31T07:35:29+00:00","dateModified":"2025-04-23T09:56:41+00:00","description":"D\u00e9couvrez notre ballon de football en plastique durable, id\u00e9al pour les jeux en plein air. Con\u00e7u pour enfants et adultes, il offre une excellente prise en main et une grande r\u00e9sistance. Parfait pour les moments de loisir et de sport","breadcrumb":{"@id":"https:\/\/www.spolo.com\/produit\/ballon-volley\/#breadcrumb"},"inLanguage":"fr-FR","potentialAction":[{"@type":"ReadAction","target":["https:\/\/www.spolo.com\/produit\/ballon-volley\/"]}]},{"@type":"ImageObject","inLanguage":"fr-FR","@id":"https:\/\/www.spolo.com\/produit\/ballon-volley\/#primaryimage","url":"https:\/\/www.spolo.com\/wp-content\/uploads\/2024\/02\/Ballon-Foot-01-2.png","contentUrl":"https:\/\/www.spolo.com\/wp-content\/uploads\/2024\/02\/Ballon-Foot-01-2.png","width":1024,"height":1024},{"@type":"BreadcrumbList","@id":"https:\/\/www.spolo.com\/produit\/ballon-volley\/#breadcrumb","itemListElement":[{"@type":"ListItem","position":1,"name":"Home","item":"https:\/\/www.spolo.com\/"},{"@type":"ListItem","position":2,"name":"Nos produits","item":"https:\/\/www.spolo.com\/boutique\/"},{"@type":"ListItem","position":3,"name":"BALLON FOOT"}]},{"@type":"WebSite","@id":"https:\/\/www.spolo.com\/#website","url":"https:\/\/www.spolo.com\/","name":"SPOLO","description":"Votre monde de sport jouets et loisirs en Tunisie","publisher":{"@id":"https:\/\/www.spolo.com\/#organization"},"potentialAction":[{"@type":"SearchAction","target":{"@type":"EntryPoint","urlTemplate":"https:\/\/www.spolo.com\/?s={search_term_string}"},"query-input":{"@type":"PropertyValueSpecification","valueRequired":true,"valueName":"search_term_string"}}],"inLanguage":"fr-FR"},{"@type":"Organization","@id":"https:\/\/www.spolo.com\/#organization","name":"SPOLO","url":"https:\/\/www.spolo.com\/","logo":{"@type":"ImageObject","inLanguage":"fr-FR","@id":"https:\/\/www.spolo.com\/#\/schema\/logo\/image\/","url":"https:\/\/www.spolo.com\/wp-content\/uploads\/2024\/01\/logo.png","contentUrl":"https:\/\/www.spolo.com\/wp-content\/uploads\/2024\/01\/logo.png","width":230,"height":165,"caption":"SPOLO"},"image":{"@id":"https:\/\/www.spolo.com\/#\/schema\/logo\/image\/"},"sameAs":["https:\/\/www.facebook.com\/ste.spolo.sahline\/"]}]}},"_links":{"self":[{"href":"https:\/\/www.spolo.com\/fr_fr\/wp-json\/wp\/v2\/product\/8486","targetHints":{"allow":["GET"]}}],"collection":[{"href":"https:\/\/www.spolo.com\/fr_fr\/wp-json\/wp\/v2\/product"}],"about":[{"href":"https:\/\/www.spolo.com\/fr_fr\/wp-json\/wp\/v2\/types\/product"}],"version-history":[{"count":12,"href":"https:\/\/www.spolo.com\/fr_fr\/wp-json\/wp\/v2\/product\/8486\/revisions"}],"predecessor-version":[{"id":9432,"href":"https:\/\/www.spolo.com\/fr_fr\/wp-json\/wp\/v2\/product\/8486\/revisions\/9432"}],"wp:featuredmedia":[{"embeddable":true,"href":"https:\/\/www.spolo.com\/fr_fr\/wp-json\/wp\/v2\/media\/9086"}],"wp:attachment":[{"href":"https:\/\/www.spolo.com\/fr_fr\/wp-json\/wp\/v2\/media?parent=8486"}],"wp:term":[{"taxonomy":"product_brand","embeddable":true,"href":"https:\/\/www.spolo.com\/fr_fr\/wp-json\/wp\/v2\/product_brand?post=8486"},{"taxonomy":"product_cat","embeddable":true,"href":"https:\/\/www.spolo.com\/fr_fr\/wp-json\/wp\/v2\/product_cat?post=8486"},{"taxonomy":"product_tag","embeddable":true,"href":"https:\/\/www.spolo.com\/fr_fr\/wp-json\/wp\/v2\/product_tag?post=8486"}],"curies":[{"name":"wp","href":"https:\/\/api.w.org\/{rel}","templated":true}]}}